{"id":681,"date":"2026-02-09T17:32:08","date_gmt":"2026-02-09T17:32:08","guid":{"rendered":"https:\/\/expertaupair.fr\/?page_id=681"},"modified":"2026-02-09T17:40:26","modified_gmt":"2026-02-09T17:40:26","slug":"politique-de-cookies","status":"publish","type":"page","link":"https:\/\/expertaupair.fr\/en\/politique-de-cookies\/","title":{"rendered":"Cookie Policy"},"content":{"rendered":"<div data-elementor-type=\"wp-page\" data-elementor-id=\"681\" class=\"elementor elementor-681\">\n\t\t\t\t<div class=\"elementor-element elementor-element-2736c55 e-flex e-con-boxed e-con e-parent\" data-id=\"2736c55\" data-element_type=\"container\" data-e-type=\"container\">\n\t\t\t\t\t<div class=\"e-con-inner\">\n\t\t\t\t<div class=\"elementor-element elementor-element-711de83 elementor-widget elementor-widget-text-editor\" data-id=\"711de83\" data-element_type=\"widget\" data-e-type=\"widget\" data-widget_type=\"text-editor.default\">\n\t\t\t\t<div class=\"elementor-widget-container\">\n\t\t\t\t\t\t\t\t\t<p class=\"p1\">Last updated: <span class=\"s2\"><b>09\/02\/2026<\/b><b><\/b><\/span><\/p><p class=\"p1\">The site <span class=\"s2\"><b>expertaupair.fr<\/b><\/span> uses cookies to ensure its proper functioning and to measure its audience via <span class=\"s2\"><b>Google Analytics<\/b><\/span>.<\/p><hr \/><h2><b>1. What is a cookie?<\/b><\/h2><p class=\"p1\">A cookie is a small text file stored on your device (computer, tablet, smartphone) when you visit a website. It allows the collection of information relating to your browsing activity.<\/p><hr \/><h2><b>2. Cookies used on expertaupair.fr<\/b><\/h2><h3><b>a) Strictly necessary cookies<\/b><\/h3><p class=\"p1\">These cookies are essential for the website to function and cannot be disabled. They do not require your consent.<\/p><hr \/><h3><b>b) Audience measurement cookies (Google Analytics)<\/b><\/h3><p class=\"p1\">We use <span class=\"s2\"><b>Google Analytics<\/b><\/span>, an audience analysis service provided by Google LLC, in order to measure site traffic and improve its content.<\/p><p class=\"p1\">The data collected is <span class=\"s2\"><b>anonymized<\/b><\/span> and do not allow you to be personally identified.<\/p><h4><b>List of Google Analytics cookies used<\/b><\/h4><table><thead><tr><th><p class=\"p1\"><b>Cookie name<\/b><\/p><\/th><th><p class=\"p1\"><b>Description<\/b><\/p><\/th><th><p class=\"p1\"><b>Shelf life<\/b><\/p><\/th><\/tr><\/thead><tbody><tr><td><p class=\"p1\">_gali<\/p><\/td><td><p class=\"p1\">Used by Google Analytics to determine which links on a page are clicked.<\/p><\/td><td><p class=\"p1\">30 seconds<\/p><\/td><\/tr><tr><td><p class=\"p1\">_ga<\/p><\/td><td><p class=\"p1\">Unique identifier used to distinguish users<\/p><\/td><td><p class=\"p1\">2 years<\/p><\/td><\/tr><tr><td><p class=\"p1\">_gid<\/p><\/td><td><p class=\"p1\">Identifier used to distinguish users for 24 hours<\/p><\/td><td><p class=\"p1\">24 hours<\/p><\/td><\/tr><tr><td><p class=\"p1\">_gat<\/p><\/td><td><p class=\"p1\">Used to limit the rate of requests sent to Google Analytics servers<\/p><\/td><td><p class=\"p1\">1 minute<\/p><\/td><\/tr><tr><td><p class=\"p1\">_utmb<\/p><\/td><td><p class=\"p1\">Allows you to distinguish between new sessions and visits<\/p><\/td><td><p class=\"p1\">30 minutes after the last activity<\/p><\/td><\/tr><tr><td><p class=\"p1\">_utmc<\/p><\/td><td><p class=\"p1\">Used with older versions of Urchin\/GA.js to handle session termination<\/p><\/td><td><p class=\"p1\">End of session (browser)<\/p><\/td><\/tr><tr><td><p class=\"p1\">_utmz<\/p><\/td><td><p class=\"p1\">Stores information related to the traffic source or marketing campaign<\/p><\/td><td><p class=\"p1\">6 months after the last activity<\/p><\/td><\/tr><tr><td><p class=\"p1\">_utmv<\/p><\/td><td><p class=\"p1\">Contains custom data defined by the developer<\/p><\/td><td><p class=\"p1\">2 years after the last activity<\/p><\/td><\/tr><tr><td><p class=\"p1\">_utmx<\/p><\/td><td><p class=\"p1\">Used to determine if a user is participating in an A\/B or multivariate test<\/p><\/td><td><p class=\"p1\">18 months<\/p><\/td><\/tr><tr><td><p class=\"p1\">_gac_<\/p><\/td><td><p class=\"p1\">Contains information related to advertising campaigns when Google Analytics is linked to Google Ads<\/p><\/td><td><p class=\"p1\">90 days<\/p><\/td><\/tr><tr><td><p class=\"p1\">_utma<\/p><\/td><td><p class=\"p1\">Used to distinguish users and sessions<\/p><\/td><td><p class=\"p1\">2 years after the last activity<\/p><\/td><\/tr><tr><td><p class=\"p1\">_utmt<\/p><\/td><td><p class=\"p1\">Used to limit the number of requests sent to Google Analytics<\/p><\/td><td><p class=\"p1\">10 minutes<\/p><\/td><\/tr><\/tbody><\/table><p class=\"p1\"><img decoding=\"async\" class=\"emoji\" role=\"img\" draggable=\"false\" src=\"https:\/\/s.w.org\/images\/core\/emoji\/17.0.2\/svg\/26a0.svg\" alt=\"\u26a0\ufe0f\" \/> <span class=\"s1\"><b>Noticed<\/b><\/span> Some of the listed cookies (_utma, _utmb, _utmc, etc.) correspond to older versions of Google Analytics (Universal Analytics). They may appear depending on the technical configuration or scripts that are still active.<\/p><hr \/><h2><b>3. Consent<\/b><\/h2><p class=\"p1\">During your first visit to <span class=\"s1\"><b>expertaupair.fr<\/b><\/span>, A consent banner informs you about the use of audience measurement cookies.<\/p><p class=\"p1\">You can :<\/p><ul><li><p class=\"p1\">accept cookies,<\/p><\/li><li><p class=\"p1\">refuse non-essential cookies,<\/p><\/li><li><p class=\"p1\">or change your preferences at any time.<\/p><\/li><\/ul><hr \/><h2><b>4. Shelf life<\/b><\/h2><p class=\"p1\">Audience measurement cookies are stored for a maximum period of <span class=\"s1\"><b>13 months<\/b><\/span>, in accordance with the recommendations of the <span class=\"s1\"><b>CNIL<\/b><\/span>.<\/p><hr \/><h2><b>5. Cookie Management<\/b><\/h2><p class=\"p1\">You can also manage or delete cookies via your browser settings:<\/p><ul><li><p class=\"p1\"><span class=\"s1\"><b>Chromium<\/b><\/span> Settings \u2192 Privacy and security \u2192 Cookies<\/p><\/li><li><p class=\"p1\"><span class=\"s1\"><b>Firefox<\/b><\/span> Settings \u2192 Privacy and security<\/p><\/li><li><p class=\"p1\"><span class=\"s1\"><b>Safari<\/b><\/span> Preferences \u2192 Privacy<\/p><\/li><li><p class=\"p1\"><span class=\"s1\"><b>Edge<\/b><\/span> Settings \u2192 Cookies and site permissions<\/p><\/li><\/ul><p class=\"p1\">However, refusing cookies may limit certain site functionalities.<\/p><hr \/><h2><b>6. Contact<\/b><\/h2><p class=\"p1\">For any questions regarding this cookie policy, you can contact us at the following address:<\/p><p class=\"p4\"><span class=\"s3\"><img decoding=\"async\" class=\"emoji\" role=\"img\" draggable=\"false\" src=\"https:\/\/s.w.org\/images\/core\/emoji\/17.0.2\/svg\/1f4e7.svg\" alt=\"\ud83d\udce7\" \/>\u00a0<b>contact@expertaupair.fr<\/b><\/span><b><\/b><\/p>\t\t\t\t\t\t\t\t<\/div>\n\t\t\t\t<\/div>\n\t\t\t\t\t<\/div>\n\t\t\t\t<\/div>\n\t\t\t\t<\/div>","protected":false},"excerpt":{"rendered":"<p>Derni\u00e8re mise \u00e0 jour : 09\/02\/2026 Le site expertaupair.fr utilise des cookies afin d\u2019assurer son bon fonctionnement et de mesurer son audience via Google Analytics. 1. Qu\u2019est-ce qu\u2019un cookie ? Un cookie est un petit fichier texte enregistr\u00e9 sur votre terminal (ordinateur, tablette, smartphone) lors de la visite d\u2019un site internet. Il permet de collecter [&hellip;]<\/p>\n","protected":false},"author":1,"featured_media":0,"parent":0,"menu_order":0,"comment_status":"closed","ping_status":"closed","template":"","meta":{"_coblocks_attr":"","_coblocks_dimensions":"","_coblocks_responsive_height":"","_coblocks_accordion_ie_support":"","_monsterinsights_skip_tracking":false,"_monsterinsights_sitenote_active":false,"_monsterinsights_sitenote_note":"","_monsterinsights_sitenote_category":0,"footnotes":""},"class_list":["post-681","page","type-page","status-publish","hentry"],"yoast_head":"<!-- This site is optimized with the Yoast SEO plugin v27.4 - https:\/\/yoast.com\/product\/yoast-seo-wordpress\/ -->\n<title>Politique de cookies - Expert AuPair Cara\u00efbes<\/title>\n<meta name=\"robots\" content=\"noindex, follow\" \/>\n<meta property=\"og:locale\" content=\"en_US\" \/>\n<meta property=\"og:type\" content=\"article\" \/>\n<meta property=\"og:title\" content=\"Politique de cookies - Expert AuPair Cara\u00efbes\" \/>\n<meta property=\"og:description\" content=\"Derni\u00e8re mise \u00e0 jour : 09\/02\/2026 Le site expertaupair.fr utilise des cookies afin d\u2019assurer son bon fonctionnement et de mesurer son audience via Google Analytics. 1. Qu\u2019est-ce qu\u2019un cookie ? Un cookie est un petit fichier texte enregistr\u00e9 sur votre terminal (ordinateur, tablette, smartphone) lors de la visite d\u2019un site internet. Il permet de collecter [&hellip;]\" \/>\n<meta property=\"og:url\" content=\"https:\/\/expertaupair.fr\/en\/politique-de-cookies\/\" \/>\n<meta property=\"og:site_name\" content=\"Expert AuPair Cara\u00efbes\" \/>\n<meta property=\"article:publisher\" content=\"https:\/\/www.facebook.com\/expertaupairusa\/\" \/>\n<meta property=\"article:modified_time\" content=\"2026-02-09T17:40:26+00:00\" \/>\n<meta property=\"og:image\" content=\"https:\/\/s.w.org\/images\/core\/emoji\/17.0.2\/svg\/26a0.svg\" \/>\n<meta name=\"twitter:card\" content=\"summary_large_image\" \/>\n<meta name=\"twitter:label1\" content=\"Est. reading time\" \/>\n\t<meta name=\"twitter:data1\" content=\"3 minutes\" \/>\n<script type=\"application\/ld+json\" class=\"yoast-schema-graph\">{\"@context\":\"https:\\\/\\\/schema.org\",\"@graph\":[{\"@type\":\"WebPage\",\"@id\":\"https:\\\/\\\/expertaupair.fr\\\/politique-de-cookies\\\/\",\"url\":\"https:\\\/\\\/expertaupair.fr\\\/politique-de-cookies\\\/\",\"name\":\"Politique de cookies - Expert AuPair Cara\u00efbes\",\"isPartOf\":{\"@id\":\"https:\\\/\\\/expertaupair.fr\\\/#website\"},\"primaryImageOfPage\":{\"@id\":\"https:\\\/\\\/expertaupair.fr\\\/politique-de-cookies\\\/#primaryimage\"},\"image\":{\"@id\":\"https:\\\/\\\/expertaupair.fr\\\/politique-de-cookies\\\/#primaryimage\"},\"thumbnailUrl\":\"https:\\\/\\\/s.w.org\\\/images\\\/core\\\/emoji\\\/17.0.2\\\/svg\\\/26a0.svg\",\"datePublished\":\"2026-02-09T17:32:08+00:00\",\"dateModified\":\"2026-02-09T17:40:26+00:00\",\"breadcrumb\":{\"@id\":\"https:\\\/\\\/expertaupair.fr\\\/politique-de-cookies\\\/#breadcrumb\"},\"inLanguage\":\"en-US\",\"potentialAction\":[{\"@type\":\"ReadAction\",\"target\":[\"https:\\\/\\\/expertaupair.fr\\\/politique-de-cookies\\\/\"]}]},{\"@type\":\"ImageObject\",\"inLanguage\":\"en-US\",\"@id\":\"https:\\\/\\\/expertaupair.fr\\\/politique-de-cookies\\\/#primaryimage\",\"url\":\"https:\\\/\\\/s.w.org\\\/images\\\/core\\\/emoji\\\/17.0.2\\\/svg\\\/26a0.svg\",\"contentUrl\":\"https:\\\/\\\/s.w.org\\\/images\\\/core\\\/emoji\\\/17.0.2\\\/svg\\\/26a0.svg\"},{\"@type\":\"BreadcrumbList\",\"@id\":\"https:\\\/\\\/expertaupair.fr\\\/politique-de-cookies\\\/#breadcrumb\",\"itemListElement\":[{\"@type\":\"ListItem\",\"position\":1,\"name\":\"Home\",\"item\":\"https:\\\/\\\/expertaupair.fr\\\/\"},{\"@type\":\"ListItem\",\"position\":2,\"name\":\"Politique de cookies\"}]},{\"@type\":\"WebSite\",\"@id\":\"https:\\\/\\\/expertaupair.fr\\\/#website\",\"url\":\"https:\\\/\\\/expertaupair.fr\\\/\",\"name\":\"Expert AuPair Cara\u00efbes\",\"description\":\"\",\"publisher\":{\"@id\":\"https:\\\/\\\/expertaupair.fr\\\/#organization\"},\"potentialAction\":[{\"@type\":\"SearchAction\",\"target\":{\"@type\":\"EntryPoint\",\"urlTemplate\":\"https:\\\/\\\/expertaupair.fr\\\/?s={search_term_string}\"},\"query-input\":{\"@type\":\"PropertyValueSpecification\",\"valueRequired\":true,\"valueName\":\"search_term_string\"}}],\"inLanguage\":\"en-US\"},{\"@type\":\"Organization\",\"@id\":\"https:\\\/\\\/expertaupair.fr\\\/#organization\",\"name\":\"Expert AuPair Cara\u00efbes\",\"url\":\"https:\\\/\\\/expertaupair.fr\\\/\",\"logo\":{\"@type\":\"ImageObject\",\"inLanguage\":\"en-US\",\"@id\":\"https:\\\/\\\/expertaupair.fr\\\/#\\\/schema\\\/logo\\\/image\\\/\",\"url\":\"https:\\\/\\\/expertaupair.fr\\\/wp-content\\\/uploads\\\/2024\\\/03\\\/eaLogo-caraibes6-outlines-light-blue.png\",\"contentUrl\":\"https:\\\/\\\/expertaupair.fr\\\/wp-content\\\/uploads\\\/2024\\\/03\\\/eaLogo-caraibes6-outlines-light-blue.png\",\"width\":1200,\"height\":599,\"caption\":\"Expert AuPair Cara\u00efbes\"},\"image\":{\"@id\":\"https:\\\/\\\/expertaupair.fr\\\/#\\\/schema\\\/logo\\\/image\\\/\"},\"sameAs\":[\"https:\\\/\\\/www.facebook.com\\\/expertaupairusa\\\/\",\"https:\\\/\\\/www.instagram.com\\\/expertaupair\\\/\"]}]}<\/script>\n<!-- \/ Yoast SEO plugin. -->","yoast_head_json":{"title":"Politique de cookies - Expert AuPair Cara\u00efbes","robots":{"index":"noindex","follow":"follow"},"og_locale":"en_US","og_type":"article","og_title":"Politique de cookies - Expert AuPair Cara\u00efbes","og_description":"Derni\u00e8re mise \u00e0 jour : 09\/02\/2026 Le site expertaupair.fr utilise des cookies afin d\u2019assurer son bon fonctionnement et de mesurer son audience via Google Analytics. 1. Qu\u2019est-ce qu\u2019un cookie ? Un cookie est un petit fichier texte enregistr\u00e9 sur votre terminal (ordinateur, tablette, smartphone) lors de la visite d\u2019un site internet. Il permet de collecter [&hellip;]","og_url":"https:\/\/expertaupair.fr\/en\/politique-de-cookies\/","og_site_name":"Expert AuPair Cara\u00efbes","article_publisher":"https:\/\/www.facebook.com\/expertaupairusa\/","article_modified_time":"2026-02-09T17:40:26+00:00","og_image":[{"url":"https:\/\/s.w.org\/images\/core\/emoji\/17.0.2\/svg\/26a0.svg","type":"","width":"","height":""}],"twitter_card":"summary_large_image","twitter_misc":{"Est. reading time":"3 minutes"},"schema":{"@context":"https:\/\/schema.org","@graph":[{"@type":"WebPage","@id":"https:\/\/expertaupair.fr\/politique-de-cookies\/","url":"https:\/\/expertaupair.fr\/politique-de-cookies\/","name":"Politique de cookies - Expert AuPair Cara\u00efbes","isPartOf":{"@id":"https:\/\/expertaupair.fr\/#website"},"primaryImageOfPage":{"@id":"https:\/\/expertaupair.fr\/politique-de-cookies\/#primaryimage"},"image":{"@id":"https:\/\/expertaupair.fr\/politique-de-cookies\/#primaryimage"},"thumbnailUrl":"https:\/\/s.w.org\/images\/core\/emoji\/17.0.2\/svg\/26a0.svg","datePublished":"2026-02-09T17:32:08+00:00","dateModified":"2026-02-09T17:40:26+00:00","breadcrumb":{"@id":"https:\/\/expertaupair.fr\/politique-de-cookies\/#breadcrumb"},"inLanguage":"en-US","potentialAction":[{"@type":"ReadAction","target":["https:\/\/expertaupair.fr\/politique-de-cookies\/"]}]},{"@type":"ImageObject","inLanguage":"en-US","@id":"https:\/\/expertaupair.fr\/politique-de-cookies\/#primaryimage","url":"https:\/\/s.w.org\/images\/core\/emoji\/17.0.2\/svg\/26a0.svg","contentUrl":"https:\/\/s.w.org\/images\/core\/emoji\/17.0.2\/svg\/26a0.svg"},{"@type":"BreadcrumbList","@id":"https:\/\/expertaupair.fr\/politique-de-cookies\/#breadcrumb","itemListElement":[{"@type":"ListItem","position":1,"name":"Home","item":"https:\/\/expertaupair.fr\/"},{"@type":"ListItem","position":2,"name":"Politique de cookies"}]},{"@type":"WebSite","@id":"https:\/\/expertaupair.fr\/#website","url":"https:\/\/expertaupair.fr\/","name":"Caribbean AuPair Expert","description":"","publisher":{"@id":"https:\/\/expertaupair.fr\/#organization"},"potentialAction":[{"@type":"SearchAction","target":{"@type":"EntryPoint","urlTemplate":"https:\/\/expertaupair.fr\/?s={search_term_string}"},"query-input":{"@type":"PropertyValueSpecification","valueRequired":true,"valueName":"search_term_string"}}],"inLanguage":"en-US"},{"@type":"Organization","@id":"https:\/\/expertaupair.fr\/#organization","name":"Caribbean AuPair Expert","url":"https:\/\/expertaupair.fr\/","logo":{"@type":"ImageObject","inLanguage":"en-US","@id":"https:\/\/expertaupair.fr\/#\/schema\/logo\/image\/","url":"https:\/\/expertaupair.fr\/wp-content\/uploads\/2024\/03\/eaLogo-caraibes6-outlines-light-blue.png","contentUrl":"https:\/\/expertaupair.fr\/wp-content\/uploads\/2024\/03\/eaLogo-caraibes6-outlines-light-blue.png","width":1200,"height":599,"caption":"Expert AuPair Cara\u00efbes"},"image":{"@id":"https:\/\/expertaupair.fr\/#\/schema\/logo\/image\/"},"sameAs":["https:\/\/www.facebook.com\/expertaupairusa\/","https:\/\/www.instagram.com\/expertaupair\/"]}]}},"_links":{"self":[{"href":"https:\/\/expertaupair.fr\/en\/wp-json\/wp\/v2\/pages\/681","targetHints":{"allow":["GET"]}}],"collection":[{"href":"https:\/\/expertaupair.fr\/en\/wp-json\/wp\/v2\/pages"}],"about":[{"href":"https:\/\/expertaupair.fr\/en\/wp-json\/wp\/v2\/types\/page"}],"author":[{"embeddable":true,"href":"https:\/\/expertaupair.fr\/en\/wp-json\/wp\/v2\/users\/1"}],"replies":[{"embeddable":true,"href":"https:\/\/expertaupair.fr\/en\/wp-json\/wp\/v2\/comments?post=681"}],"version-history":[{"count":5,"href":"https:\/\/expertaupair.fr\/en\/wp-json\/wp\/v2\/pages\/681\/revisions"}],"predecessor-version":[{"id":688,"href":"https:\/\/expertaupair.fr\/en\/wp-json\/wp\/v2\/pages\/681\/revisions\/688"}],"wp:attachment":[{"href":"https:\/\/expertaupair.fr\/en\/wp-json\/wp\/v2\/media?parent=681"}],"curies":[{"name":"wp","href":"https:\/\/api.w.org\/{rel}","templated":true}]}}